{"id":316,"date":"2024-11-06T15:34:11","date_gmt":"2024-11-06T15:34:11","guid":{"rendered":"https:\/\/qenti.com\/medical\/?page_id=316"},"modified":"2026-04-05T14:22:02","modified_gmt":"2026-04-05T14:22:02","slug":"blog","status":"publish","type":"page","link":"https:\/\/qenti.com\/medical\/blog\/","title":{"rendered":"Blog"},"content":{"rendered":"<p>[et_pb_section fb_built=\u00bb1&#8243; _builder_version=\u00bb4.27.2&#8243; _module_preset=\u00bbdefault\u00bb global_colors_info=\u00bb{}\u00bb][et_pb_row column_structure=\u00bb3_5,2_5&#8243; _builder_version=\u00bb4.27.2&#8243; _module_preset=\u00bbdefault\u00bb global_colors_info=\u00bb{}\u00bb][et_pb_column type=\u00bb3_5&#8243; _builder_version=\u00bb4.27.2&#8243; _module_preset=\u00bbdefault\u00bb global_colors_info=\u00bb{}\u00bb][et_pb_text _builder_version=\u00bb4.27.2&#8243; text_font=\u00bb||||||||\u00bb text_line_height=\u00bb2em\u00bb header_font=\u00bb||||||||\u00bb header_2_font=\u00bbRaleway|700|||||||\u00bb header_2_font_size=\u00bb50px\u00bb header_2_line_height=\u00bb1.4em\u00bb header_3_font=\u00bbRaleway|700||on|||||\u00bb header_3_font_size=\u00bb17px\u00bb header_3_letter_spacing=\u00bb5px\u00bb header_3_line_height=\u00bb1.8em\u00bb header_6_font=\u00bbRaleway|700||on|||||\u00bb header_6_font_size=\u00bb16px\u00bb header_6_letter_spacing=\u00bb5px\u00bb header_6_line_height=\u00bb1.8em\u00bb max_width=\u00bb700px\u00bb module_alignment=\u00bbleft\u00bb custom_margin=\u00bb||||false|false\u00bb custom_padding=\u00bb||||false|false\u00bb header_font_size_tablet=\u00bb\u00bb header_font_size_phone=\u00bb32px\u00bb header_font_size_last_edited=\u00bbon|phone\u00bb header_2_text_align_tablet=\u00bb\u00bb header_2_text_align_phone=\u00bbcenter\u00bb header_2_text_align_last_edited=\u00bbon|phone\u00bb header_2_font_size_tablet=\u00bb35px\u00bb header_2_font_size_phone=\u00bb37px\u00bb header_2_font_size_last_edited=\u00bbon|phone\u00bb locked=\u00bboff\u00bb global_colors_info=\u00bb{}\u00bb]<\/p>\n<h3>La Posada del Qenti: Novedades<\/h3>\n<h2>Notas de Bienestar<\/h2>\n<p>[\/et_pb_text][\/et_pb_column][et_pb_column type=\u00bb2_5&#8243; _builder_version=\u00bb4.27.2&#8243; _module_preset=\u00bbdefault\u00bb global_colors_info=\u00bb{}\u00bb][et_pb_icon font_icon=\u00bb&#xf1ea;||fa||400&#8243; align=\u00bbleft\u00bb align_tablet=\u00bbleft\u00bb align_phone=\u00bbcenter\u00bb align_last_edited=\u00bbon|phone\u00bb _builder_version=\u00bb4.27.2&#8243; _module_preset=\u00bbdefault\u00bb global_colors_info=\u00bb{}\u00bb][\/et_pb_icon][\/et_pb_column][\/et_pb_row][et_pb_row _builder_version=\u00bb4.27.2&#8243; _module_preset=\u00bbdefault\u00bb global_colors_info=\u00bb{}\u00bb][et_pb_column type=\u00bb4_4&#8243; _builder_version=\u00bb4.27.2&#8243; _module_preset=\u00bbdefault\u00bb global_colors_info=\u00bb{}\u00bb][et_pb_post_slider include_categories=\u00bb24,10,14,23,25,22,29,27,9,26,15,11,28,12,36,21,13&#8243; _builder_version=\u00bb4.27.2&#8243; _module_preset=\u00bbdefault\u00bb header_font=\u00bbRaleway|700|||||||\u00bb custom_button=\u00bbon\u00bb button_text_color=\u00bb#FFFFFF\u00bb button_border_color=\u00bb#FFFFFF\u00bb global_colors_info=\u00bb{}\u00bb][\/et_pb_post_slider][\/et_pb_column][\/et_pb_row][et_pb_row _builder_version=\u00bb4.27.2&#8243; _module_preset=\u00bbdefault\u00bb global_colors_info=\u00bb{}\u00bb][et_pb_column type=\u00bb4_4&#8243; _builder_version=\u00bb4.27.2&#8243; _module_preset=\u00bbdefault\u00bb global_colors_info=\u00bb{}\u00bb][et_pb_blog fullwidth=\u00bboff\u00bb include_categories=\u00bb24,10,14,23,25,22,29,27,9,26,15,11,28,12,36,21,13&#8243; show_more=\u00bbon\u00bb show_author=\u00bboff\u00bb offset_number=\u00bb1&#8243; _builder_version=\u00bb4.27.2&#8243; _module_preset=\u00bbdefault\u00bb header_font=\u00bbRaleway|700|||||||\u00bb header_font_size=\u00bb20px\u00bb header_line_height=\u00bb1.2em\u00bb read_more_font=\u00bb|||on|||||\u00bb read_more_text_color=\u00bb#26d3c2&#8243; global_colors_info=\u00bb{}\u00bb][\/et_pb_blog][\/et_pb_column][\/et_pb_row][\/et_pb_section]<\/p>\n","protected":false},"excerpt":{"rendered":"<p>La Posada del Qenti: Novedades Notas de Bienestar<\/p>\n","protected":false},"author":1,"featured_media":0,"parent":0,"menu_order":0,"comment_status":"closed","ping_status":"closed","template":"","meta":{"_et_pb_use_builder":"on","_et_pb_old_content":"","_et_gb_content_width":"","footnotes":""},"class_list":["post-316","page","type-page","status-publish","hentry"],"yoast_head":"<!-- This site is optimized with the Yoast SEO plugin v27.3 - https:\/\/yoast.com\/product\/yoast-seo-wordpress\/ -->\n<title>Blog - La Posada del Qenti Medical Wellness - Planes de Salud<\/title>\n<meta name=\"robots\" content=\"index, follow, max-snippet:-1, max-image-preview:large, max-video-preview:-1\" \/>\n<link rel=\"canonical\" href=\"https:\/\/qenti.com\/medical\/blog\/\" \/>\n<meta property=\"og:locale\" content=\"es_ES\" \/>\n<meta property=\"og:type\" content=\"article\" \/>\n<meta property=\"og:title\" content=\"Blog - La Posada del Qenti Medical Wellness - Planes de Salud\" \/>\n<meta property=\"og:description\" content=\"La Posada del Qenti: Novedades Notas de Bienestar\" \/>\n<meta property=\"og:url\" content=\"https:\/\/qenti.com\/medical\/blog\/\" \/>\n<meta property=\"og:site_name\" content=\"La Posada del Qenti Medical Wellness - Planes de Salud\" \/>\n<meta property=\"article:publisher\" content=\"https:\/\/www.facebook.com\/Qenti\/\" \/>\n<meta property=\"article:modified_time\" content=\"2026-04-05T14:22:02+00:00\" \/>\n<meta name=\"twitter:card\" content=\"summary_large_image\" \/>\n<meta name=\"twitter:label1\" content=\"Tiempo de lectura\" \/>\n\t<meta name=\"twitter:data1\" content=\"2 minutos\" \/>\n<script type=\"application\/ld+json\" class=\"yoast-schema-graph\">{\"@context\":\"https:\\\/\\\/schema.org\",\"@graph\":[{\"@type\":\"WebPage\",\"@id\":\"https:\\\/\\\/qenti.com\\\/medical\\\/blog\\\/\",\"url\":\"https:\\\/\\\/qenti.com\\\/medical\\\/blog\\\/\",\"name\":\"Blog - La Posada del Qenti Medical Wellness - Planes de Salud\",\"isPartOf\":{\"@id\":\"https:\\\/\\\/qenti.com\\\/medical\\\/#website\"},\"datePublished\":\"2024-11-06T15:34:11+00:00\",\"dateModified\":\"2026-04-05T14:22:02+00:00\",\"breadcrumb\":{\"@id\":\"https:\\\/\\\/qenti.com\\\/medical\\\/blog\\\/#breadcrumb\"},\"inLanguage\":\"es\",\"potentialAction\":[{\"@type\":\"ReadAction\",\"target\":[\"https:\\\/\\\/qenti.com\\\/medical\\\/blog\\\/\"]}]},{\"@type\":\"BreadcrumbList\",\"@id\":\"https:\\\/\\\/qenti.com\\\/medical\\\/blog\\\/#breadcrumb\",\"itemListElement\":[{\"@type\":\"ListItem\",\"position\":1,\"name\":\"Portada\",\"item\":\"https:\\\/\\\/qenti.com\\\/medical\\\/\"},{\"@type\":\"ListItem\",\"position\":2,\"name\":\"Blog\"}]},{\"@type\":\"WebSite\",\"@id\":\"https:\\\/\\\/qenti.com\\\/medical\\\/#website\",\"url\":\"https:\\\/\\\/qenti.com\\\/medical\\\/\",\"name\":\"La Posada del Qenti Medical Wellness\",\"description\":\"Centro de bienestar m\u00e9dico m\u00e1s importante de Am\u00e9rica Latina.\",\"publisher\":{\"@id\":\"https:\\\/\\\/qenti.com\\\/medical\\\/#organization\"},\"potentialAction\":[{\"@type\":\"SearchAction\",\"target\":{\"@type\":\"EntryPoint\",\"urlTemplate\":\"https:\\\/\\\/qenti.com\\\/medical\\\/?s={search_term_string}\"},\"query-input\":{\"@type\":\"PropertyValueSpecification\",\"valueRequired\":true,\"valueName\":\"search_term_string\"}}],\"inLanguage\":\"es\"},{\"@type\":\"Organization\",\"@id\":\"https:\\\/\\\/qenti.com\\\/medical\\\/#organization\",\"name\":\"La Posada del Qenti Medical Wellness\",\"url\":\"https:\\\/\\\/qenti.com\\\/medical\\\/\",\"logo\":{\"@type\":\"ImageObject\",\"inLanguage\":\"es\",\"@id\":\"https:\\\/\\\/qenti.com\\\/medical\\\/#\\\/schema\\\/logo\\\/image\\\/\",\"url\":\"https:\\\/\\\/qenti.com\\\/medical\\\/wp-content\\\/uploads\\\/2024\\\/11\\\/LOGO-VERDE.jpg\",\"contentUrl\":\"https:\\\/\\\/qenti.com\\\/medical\\\/wp-content\\\/uploads\\\/2024\\\/11\\\/LOGO-VERDE.jpg\",\"width\":538,\"height\":538,\"caption\":\"La Posada del Qenti Medical Wellness\"},\"image\":{\"@id\":\"https:\\\/\\\/qenti.com\\\/medical\\\/#\\\/schema\\\/logo\\\/image\\\/\"},\"sameAs\":[\"https:\\\/\\\/www.facebook.com\\\/Qenti\\\/\",\"https:\\\/\\\/www.instagram.com\\\/laposadadelqenti\\\/\"]}]}<\/script>\n<!-- \/ Yoast SEO plugin. -->","yoast_head_json":{"title":"Blog - La Posada del Qenti Medical Wellness - Planes de Salud","robots":{"index":"index","follow":"follow","max-snippet":"max-snippet:-1","max-image-preview":"max-image-preview:large","max-video-preview":"max-video-preview:-1"},"canonical":"https:\/\/qenti.com\/medical\/blog\/","og_locale":"es_ES","og_type":"article","og_title":"Blog - La Posada del Qenti Medical Wellness - Planes de Salud","og_description":"La Posada del Qenti: Novedades Notas de Bienestar","og_url":"https:\/\/qenti.com\/medical\/blog\/","og_site_name":"La Posada del Qenti Medical Wellness - Planes de Salud","article_publisher":"https:\/\/www.facebook.com\/Qenti\/","article_modified_time":"2026-04-05T14:22:02+00:00","twitter_card":"summary_large_image","twitter_misc":{"Tiempo de lectura":"2 minutos"},"schema":{"@context":"https:\/\/schema.org","@graph":[{"@type":"WebPage","@id":"https:\/\/qenti.com\/medical\/blog\/","url":"https:\/\/qenti.com\/medical\/blog\/","name":"Blog - La Posada del Qenti Medical Wellness - Planes de Salud","isPartOf":{"@id":"https:\/\/qenti.com\/medical\/#website"},"datePublished":"2024-11-06T15:34:11+00:00","dateModified":"2026-04-05T14:22:02+00:00","breadcrumb":{"@id":"https:\/\/qenti.com\/medical\/blog\/#breadcrumb"},"inLanguage":"es","potentialAction":[{"@type":"ReadAction","target":["https:\/\/qenti.com\/medical\/blog\/"]}]},{"@type":"BreadcrumbList","@id":"https:\/\/qenti.com\/medical\/blog\/#breadcrumb","itemListElement":[{"@type":"ListItem","position":1,"name":"Portada","item":"https:\/\/qenti.com\/medical\/"},{"@type":"ListItem","position":2,"name":"Blog"}]},{"@type":"WebSite","@id":"https:\/\/qenti.com\/medical\/#website","url":"https:\/\/qenti.com\/medical\/","name":"La Posada del Qenti Medical Wellness","description":"Centro de bienestar m\u00e9dico m\u00e1s importante de Am\u00e9rica Latina.","publisher":{"@id":"https:\/\/qenti.com\/medical\/#organization"},"potentialAction":[{"@type":"SearchAction","target":{"@type":"EntryPoint","urlTemplate":"https:\/\/qenti.com\/medical\/?s={search_term_string}"},"query-input":{"@type":"PropertyValueSpecification","valueRequired":true,"valueName":"search_term_string"}}],"inLanguage":"es"},{"@type":"Organization","@id":"https:\/\/qenti.com\/medical\/#organization","name":"La Posada del Qenti Medical Wellness","url":"https:\/\/qenti.com\/medical\/","logo":{"@type":"ImageObject","inLanguage":"es","@id":"https:\/\/qenti.com\/medical\/#\/schema\/logo\/image\/","url":"https:\/\/qenti.com\/medical\/wp-content\/uploads\/2024\/11\/LOGO-VERDE.jpg","contentUrl":"https:\/\/qenti.com\/medical\/wp-content\/uploads\/2024\/11\/LOGO-VERDE.jpg","width":538,"height":538,"caption":"La Posada del Qenti Medical Wellness"},"image":{"@id":"https:\/\/qenti.com\/medical\/#\/schema\/logo\/image\/"},"sameAs":["https:\/\/www.facebook.com\/Qenti\/","https:\/\/www.instagram.com\/laposadadelqenti\/"]}]}},"_links":{"self":[{"href":"https:\/\/qenti.com\/medical\/wp-json\/wp\/v2\/pages\/316","targetHints":{"allow":["GET"]}}],"collection":[{"href":"https:\/\/qenti.com\/medical\/wp-json\/wp\/v2\/pages"}],"about":[{"href":"https:\/\/qenti.com\/medical\/wp-json\/wp\/v2\/types\/page"}],"author":[{"embeddable":true,"href":"https:\/\/qenti.com\/medical\/wp-json\/wp\/v2\/users\/1"}],"replies":[{"embeddable":true,"href":"https:\/\/qenti.com\/medical\/wp-json\/wp\/v2\/comments?post=316"}],"version-history":[{"count":14,"href":"https:\/\/qenti.com\/medical\/wp-json\/wp\/v2\/pages\/316\/revisions"}],"predecessor-version":[{"id":233363,"href":"https:\/\/qenti.com\/medical\/wp-json\/wp\/v2\/pages\/316\/revisions\/233363"}],"wp:attachment":[{"href":"https:\/\/qenti.com\/medical\/wp-json\/wp\/v2\/media?parent=316"}],"curies":[{"name":"wp","href":"https:\/\/api.w.org\/{rel}","templated":true}]}}